{"id":75,"date":"2019-09-09T15:05:41","date_gmt":"2019-09-09T21:05:41","guid":{"rendered":"http:\/\/10.11.12.152\/?page_id=75"},"modified":"2023-03-09T16:30:03","modified_gmt":"2023-03-09T22:30:03","slug":"terms","status":"publish","type":"page","link":"https:\/\/www.coescomunicacion.com\/coes\/terms\/","title":{"rendered":"T\u00e9rminos y Condiciones"},"content":{"rendered":"\n<p><\/p>\n\n\n\n<p><em>Fecha: Marzo 09, 20<\/em>23<\/p>\n\n\n\n<p><strong>1. Aceptaci\u00f3n<\/strong><\/p>\n\n\n\n<p>A. Al usar o ingresar al sitio de Internet de Metrix.Bi o cualquier producto, software, feed de datos y servicio de Coes Comunicaci\u00f3n desde o a trav\u00e9s del sitio de Internet (en lo sucesivo, conjuntamente el &#8220;Servicio&#8221;), usted acuerda expresamente que (1) estos t\u00e9rminos y condiciones (en lo sucesivo los &#8220;T\u00e9rminos del Servicio&#8221;), (2) la pol\u00edtica de privacidad de Coes Comunicaci\u00f3n, ubicada en la direcci\u00f3n de Internet www.coescomunicacion.com\/privacy.html, que declara expresamente conocer y acepta en todos sus t\u00e9rminos, y que se considera aqu\u00ed \u00edntegramente reproducida como si a la letra se insertare, . Si no ustuviera de acuerdo con los T\u00e9rminos del Servicio, la pol\u00edtica de privacidad de MEtrix.Bi, por favor no utilice el Servicio.<br><\/p>\n\n\n\n<p><strong>2. Servicio<\/strong><\/p>\n\n\n\n<p>A. Los presentes T\u00e9rminos del Servicio son aplicables a todos los usuarios del Servicio, incluyendo, sin car\u00e1cter limitativo, a los usuarios que adem\u00e1s contribuyan Contenido al Servicio. &#8220;Contenido&#8221; incluye el texto, software, scripts, gr\u00e1ficos, fotos, sonidos, m\u00fasica, videos, combinaciones audiovisuales, funciones interactivas y otros materiales que pueda visualizar en, acceder a trav\u00e9s de o contribuir al Servicio. El Servicio incluye todos los aspectos de Metrix.Bi, incluyendo todos los productos, software y servicios ofrecidos a trav\u00e9s del sitio de Internet .<\/p>\n\n\n\n<p>B. El Servicio puede contener v\u00ednculos (links) a sitios de Internet de terceros que no son propiedad ni son controlados por Coes Comunicaci\u00f3n. Coes Comunicaci\u00f3n no tiene control alguno sobre dichos sitios de Internet, y no asume responsabilidad alguna por el contenido, pol\u00edticas de privacidad o pr\u00e1cticas de ning\u00fan sitio de Internet propiedad de o bajo el control de terceros. Adem\u00e1s, Coes Comunicaci\u00f3n no puede ni va a censurar o editar el contenido de ning\u00fan sitio propiedad de un tercero o controlado por un tercero. Al utilizar el Servicio, usted libera expresamente a Coes Comunicaci\u00f3n de toda y cualquier responsabilidad derivada del uso que usted haga de un sitio de Internet de un tercero.<\/p>\n\n\n\n<p>C. En virtud de lo anterior, lo exhortamos para que se mantenga atento cuando usted salga del Servicio y para que lea los t\u00e9rminos y condiciones y las pol\u00edticas de privacidad de cualquier otro sitio de Internet que visite.<\/p>\n\n\n\n<p><strong>3. Cuentas Metrix.Bi<\/strong><\/p>\n\n\n\n<p>A. Para poder acceder a al Servicio, deber\u00e1 crear una cuenta usando una Red Social. Nunca debe utilizar la cuenta de otra persona sin su consentimiento. Al crear su cuenta, deber\u00e1 proporcionar informaci\u00f3n precisa y verdadera. Usted es el \u00fanico responsable por la actividad de su cuenta y deber\u00e1 mantener la contrase\u00f1a de su cuenta protegida. Usted deber\u00e1 notificar de inmediato a Coes Comunicaci\u00f3n cualquier violaci\u00f3n de la seguridad o uso no autorizado de su cuenta.<\/p>\n\n\n\n<p>B. Coes Comunicaci\u00f3n no ser\u00e1 responsable por las p\u00e9rdidas que usted informe como resultado del uso no autorizado de su cuenta y podr\u00e1, ser responsable por las p\u00e9rdidas de Coes Comunicaci\u00f3n o de terceros por ese uso no autorizado.<\/p>\n\n\n\n<p><strong>4. Uso General de los Permisos y Restricciones del Servicio<\/strong><\/p>\n\n\n\n<p>Por el presente, Coes Comunicaci\u00f3n lo autoriza a acceder a y utilizar el Servicio de conformidad con los T\u00e9rminos del Servicio, bajo las siguientes condiciones:<\/p>\n\n\n\n<p>A. Usted se obliga a no distribuir por cualquier medio cualquier parte del Servicio o del Contenido sin el consentimiento previo y por escrito de Coes Comunicaci\u00f3n, a menos que Coes Comunicaci\u00f3n ponga a disposici\u00f3n los medios para dicha distribuci\u00f3n a trav\u00e9s de las funciones ofrecidas por el Servicio.<\/p>\n\n\n\n<p>B. Usted se no cambiar\u00e1 ni modificar\u00e1 ninguna parte del Servicio.<\/p>\n\n\n\n<p>C. Usted acuerda no acceder al Contenido usando tecnolog\u00edas o medios distintos a las p\u00e1ginas de reproducci\u00f3n de video propias del Servicio u otro medio autorizado expresamente por Coes Comunicaci\u00f3n.<\/p>\n\n\n\n<p>D. Usted no utilizar\u00e1 el Servicio para ninguno de los usos comerciales siguientes, salvo consentimiento previo y por escrito de Coes Comunicaci\u00f3n:<\/p>\n\n\n\n<ol class=\"wp-block-list\"><li>A. Venta de acceso al Servicio;<\/li><li>B. La venta del contenido dentro del Servicio;<\/li><li>C. La alteraci\u00f3n del contenido o los productos ofrecidos por Coes Comunicaci\u00f3n para que aprentara que fueron creados por otros.<\/li><\/ol>\n\n\n\n<p>E. Los usos comerciales prohibidos no incluyen:<\/p>\n\n\n\n<ol class=\"wp-block-list\"><li>A. Agencias de Publicidad, Relaciones P\u00fablicas o similares que redistribuyen lainformaci\u00f3n y contenido;<\/li><li>B. Redistribuir el correo o newsletter generado por el Servicio o por Coes Comunicaci\u00f3n, siempre y cuando no sea alterado; o<\/li><li>C. Cualquier uso expresamente autorizado por Coes Comunicaci\u00f3n por escrito.<\/li><\/ol>\n\n\n\n<p>F. Usted se obliga a no utilizar o ejecutar cualquier sistema automatizado, incluyendo, sin limitar, &#8220;robots&#8221; (robots), &#8220;ara\u00f1as&#8221; (spiders), o &#8220;lectores fuera de l\u00ednea&#8221; (offline readers), que accedan al Servicio en una forma que env\u00eden m\u00e1s solicitudes al servidor de Coes Comunicaci\u00f3n en un per\u00edodo de tiempo determinado que aquellos mensajes que una persona pueda razonablemente producir en el mismo per\u00edodo de tiempo utilizando un buscador de red en l\u00ednea convencional con el fin de extraer la informaci\u00f3n o alg\u00fan otro fin.<\/p>\n\n\n\n<p>G. Al utilizar el Servicio, usted deber\u00e1 cumplir con la legislaci\u00f3n aplicable.<\/p>\n\n\n\n<p>H. Coes Comunicaci\u00f3n se reserva el derecho de descontinuar cualquier aspecto del Servicio en cualquier momento.<\/p>\n\n\n\n<p><strong>5. Uso del Contenido<\/strong><\/p>\n\n\n\n<p>Adem\u00e1s de restricciones generales anteriores, las siguientes restricciones y condiciones aplicar\u00e1n espec\u00edficamente al uso del Contenido.<\/p>\n\n\n\n<p>A. El Contenido en el Servicio y las marcas, marcas del servicio y logotipos (de Coes Comunicaci\u00f3n y Metrix.Bi) (las &#8220;Marcas&#8221;) contenidos en el Servicio, son propiedad o se encuentran licenciadas en favor de Coes Comunicaci\u00f3n, sujetas a derechos de autor y otros derechos de propiedad industrial e intelectual.<\/p>\n\n\n\n<p>B. El Contenido se provee en EL ESTADO EN QUE SE ENCUENTRA. Usted podr\u00e1 acceder al Contenido para su informaci\u00f3n y uso personal solamente conforme a lo previsto a trav\u00e9s de las funciones que se proporcionan en el Servicio y seg\u00fan lo permitido en virtud de estos T\u00e9rminos del Servicio. Usted no descargar\u00e1 ning\u00fan Contenido a menos que vea un enlace de &#8220;descarga&#8221; o similar mostrado por Coes Comunicaci\u00f3n en el Servicio para ese Contenido. Usted no deber\u00e1 copiar, reproducir, distribuir, transferir, transmitir, exponer, vender, licenciar ni explotar de cualquier otra forma cualquier Contenido para cualquier prop\u00f3sito sin el consentimiento previo y por escrito de Coes Comunicaci\u00f3n o de los correspondientes licenciantes del Contenido. Coes Comunicaci\u00f3n y sus licenciantes se reservan todos los derechos que no se encuentran expresamente otorgados en y para el Servicio y el Contenido.<\/p>\n\n\n\n<p>C. Usted se obliga a no circunvenir, deshabilitar o de cualquier otra forma interferir con las funciones relacionadas con la seguridad del Servicio o las funciones que previenen o restringen el uso o copiado de cualquier Contenido o que establecen limitaciones en el uso del Servicio o el Contenido del mismo.<\/p>\n\n\n\n<p>D. Usted entiende que al utilizar el Servicio se expone a Contenido de una gran variedad de fuentes y que Coes Comunicaci\u00f3n no es responsable por la exactitud, utilidad, seguridad ni derechos de propiedad intelectual de o relacionados con dicho Contenido. Asimismo entiende y acepta que podr\u00e1 estar expuesto a Contenido que puede ser impreciso, ofensivo, indecente u objetable y se obliga a renunciar y por medio del presente renuncia a cualquier derecho o defensa legal, ya sea en dinero o de cualquier otra forma que tenga o pueda tener en contra de Coes Comunicaci\u00f3n al respecto y, de la forma m\u00e1s amplia que permita la legislaci\u00f3n aplicable, se obliga a indemnizar y mantener libres a Coes Comunicaci\u00f3n, sus propietarios, operadores, afiliados, licenciantes y licenciatarios, de cualquier da\u00f1o o reclamaci\u00f3n de conformidad con las leyes correspondientes en todos los asuntos relacionados con el uso del Servicio.<\/p>\n\n\n\n<p><strong>6. Pol\u00edtica de Cancelaci\u00f3n de Cuentas<\/strong><\/p>\n\n\n\n<p>A. Coes Comunicaci\u00f3n cancelar\u00e1 el acceso del usuario al Servicio, si de acuerdo a las circunstancias, determinara, que dicho usuario es un infractor recurrente de las disposiciones de estos T\u00e9rminos del Servicio.<\/p>\n\n\n\n<p>B.Coes Comunicaci\u00f3n se reserva el derecho de, en cualquier momento, sin previo aviso y a su discreci\u00f3n, remover Contenido cuando as\u00ed lo encuentre necesario.<\/p>\n\n\n\n<p><strong>7. Liberaci\u00f3n de Responsabilidad por Garant\u00edas<\/strong><\/p>\n\n\n\n<p>USTED ACUERDA QUE EL USO DE LOS SERVICIOS CORRER\u00c1 BAJO SU PROPIO RIESGO. EN LA MEDIDA DE LO PERMITIDO POR LA LEGISLACI\u00d3N APLICABLE, Coes Comunicaci\u00f3n, SUS FUNCIONARIOS, ADMINISTRADORES (DIRECTORES), EMPLEADOS, REPRESENTANTES Y AGENTES QUEDAN LIBERADOS DE CUALQUIER RESPONSABILIDAD BAJO CUALQUIER TIPO DE GARANT\u00cdA, SEA EXPRESA O IMPL\u00cdCITA, EN RELACI\u00d3N CON LOS SERVICIOS Y EL USO DE LOS MISMOS POR USTED. Coes Comunicaci\u00f3n NO GARANTIZA NI EMITE DECLARACI\u00d3N ALGUNA ACERCA DE LA VERACIDAD O EXACTITUD DEL CONTENIDO DEL SITIO DE INTERNET O DEL CONTENIDO DE CUALQUIER SITIO DE INTERNET LIGADO A ESTE SITIO DE INTERNET Y NO ASUME RESPONSABILIDAD ALGUNA CIVIL O PENAL POR NING\u00daN (I) ERROR, INCONSISTENCIA O INEXACTITUD DEL CONTENIDO, (II) DA\u00d1O PERSONAL O A LA PROPIEDAD, DE CUALQUIER NATURALEZA, QUE RESULTE DE SU ACCESO Y USO DE LOS SERVICIOS, (III) ACCESO O USO NO AUTORIZADO DE NUESTROS SERVIDORES RESTRINGIDOS O DE TODA Y CUALQUIER INFORMACI\u00d3N PERSONAL O FINANCIERA ALMACENADA EN DICHOS SERVIDORES, (IV) INTERRUPCI\u00d3N O TERMINACI\u00d3N DE LA TRANSMISI\u00d3N PARA O DESDE NUESTROS SERVICIOS, (V) CUALQUIER DEFECTO, BUG, VIRUS, CABALLOS DE TROYA (TROJAN HORSES) O SIMILARES QUE PUDIERAN SER TRANSMITIDOS POR MEDIO O A TRAV\u00c9S DE NUESTROS SERVICIOS POR CUALQUIER TERCERO, O (VI) CUALQUIER ERROR U OMISI\u00d3N EN CUALQUIER CONTENIDO O POR CUALQUIER DA\u00d1O O P\u00c9RDIDA DE CUALQUIER NATURALEZA QUE RESULTE DEL USO DE CUALQUIER CONTENIDO PUBLICADO, ENVIADO V\u00cdA CORREO ELECTR\u00d3NICO, TRANSMITIDO O PUESTO A SU DISPOSICI\u00d3N DE CUALQUIER OTRA FORMA POR CONDUCTO DE LOS SERVICIOS. Coes Comunicaci\u00f3n NO GARANTIZA, PATROCINA NI ASUME RESPONSABILIDAD ALGUNA POR NING\u00daN PRODUCTO O SERVICIO PROMOCIONADO U OFRECIDO POR UN TERCERO A TRAV\u00c9S DE LOS SERVICIOS O CUALQUIER SERVICIO CONECTADO POR UN &#8220;HYPERLINK&#8221; O PROMOCIONADO EN CUALQUIER ANUNCIO U OTRO TIPO DE PUBLICIDAD, Y Coes Comunicaci\u00f3n NO SER\u00c1 PARTE NI DE MANERA ALGUNA RESPONSABLE DE CONTROLAR CUALQUIER TRANSACCI\u00d3N ENTRE USTED Y UN TERCER PROVEEDOR DE PRODUCTOS O SERVICIOS. COMO EN CUALESQUIERA ADQUISICI\u00d3N DE PRODUCTOS O SERVICIOS A TRAV\u00c9S DE CUALQUIER MEDIO, USTED DEBER\u00c1 USAR SU MEJOR JUICIO Y TOMAR LAS PRECAUCIONES QUE FUEREN APROPIADAS.<\/p>\n\n\n\n<p><strong>8. Limitaci\u00f3n de Responsabilidad<\/strong><\/p>\n\n\n\n<p>BAJO NINGUNA CIRCUNSTANCIA Coes Comunicaci\u00f3n, SUS FUNCIONARIOS, ADMINISTRADORES (DIRECTORES), EMPLEADOS O AGENTES SER\u00c1N RESPONSABLES POR CUALQUIER DA\u00d1O, SEA, DIRECTO, INDIRECTO, INCIDENTAL, MORAL, ESPECIAL, PUNITIVO O CONSECUENTAL QUE RESULTE DE (I) ERRORES, INCONSISTENCIAS DEL CONTENIDO, (II) LESI\u00d3N O DA\u00d1O A LA PROPIEDAD, DE CUALQUIER NATURALEZA, QUE RESULTE DE SU ACCESO Y USO DE NUESTROS SERVICIOS, (III) CUALQUIER ACCESO NO AUTORIZADO O USO DE NUESTROS SERVIDORES RESTRINGIDOS Y\/O DE CUALQUIER INFORMACI\u00d3N PERSONAL Y\/O FINANCIERA ALMACENADA DENTRO DE DICHOS SERVIDORES, (IV) CUALQUIER INTERRUPCI\u00d3N O TERMINACI\u00d3N DE LA TRANSMISI\u00d3N PARA O DESDE NUESTROS SERVICIOS, (V) CUALQUIER BUG, DEFECTO, VIRUS, CABALLO DE TROYA (TROJAN HORSES) O SIMILARES QUE PUDIERAN SER TRANSMITIDOS POR MEDIO O A TRAV\u00c9S DE NUESTROS SERVICIOS POR CUALQUIER TERCERO, Y\/O (VI) CUALQUIER ERROR U OMISI\u00d3N EN CUALQUIER CONTENIDO O POR CUALQUIER P\u00c9RDIDA O DA\u00d1O, DE CUALQUIER NATURALEZA, QUE RESULTE DEL SU USO DEL CONTENIDO PUBLICADO, ENVIADO V\u00cdA CORREO ELECTR\u00d3NICO, TRANSMITIDO O PUESTO A DISPOSICI\u00d3N DE CUALQUIER OTRA FORMA V\u00cdA LOS SERVICIOS, YA SEA QUE LOS ANTERIORES TENGAN COMO BASE UNA GARANT\u00cdA, CONTRATO, RESPONSABILIDAD CIVIL O CUALQUIER OTRA TEOR\u00cdA LEGAL, SIN IMPORTAR QUE LA COMPA\u00d1\u00cdA HAYA SIDO ADVERTIDA O NO DEL ALCANCE DE DICHOS DA\u00d1OS. LA LIMITACI\u00d3N DE RESPONSABILIDAD ANTES MENCIONADA, SER\u00c1 APLICABLE DE LA FORMA M\u00c1S AMPLIA QUE PERMITA LA LEGISLACI\u00d3N APLICABLE EN LA JURISDICCI\u00d3N CORRESPONDIENTE. USTED ESPEC\u00cdFICAMENTE RECONOCE QUE Coes Comunicaci\u00f3n NO SER\u00c1 RESPONSABLE POR EL CONTENIDO NI POR LAS CONDUCTAS DIFAMATORIAS, OFENSIVAS O ILEGALES DE CUALQUIER TERCERO Y QUE EL RIESGO DE DA\u00d1O O PERJUICIO EN RELACI\u00d3N CON LO ANTERIOR RECAE COMPLETAMENTE SOBRE USTED.<\/p>\n\n\n\n<p>El Servicio es controlado y ofrecido por Coes Comunicaci\u00f3n desde sus instalaciones en Costa Rica. Coes Comunicaci\u00f3n no hace ninguna declaraci\u00f3n de que el Servicio es apropiado o se encuentra disponible para su uso en otras localidades. Aquellos que ingresan o utilicen el Servicio desde otras jurisdicciones lo hacen por su propia voluntad y son responsables por el cumplimiento de la legislaci\u00f3n local.<\/p>\n\n\n\n<p><strong>9. Indemnizaci\u00f3n<\/strong><\/p>\n\n\n\n<p>De la forma m\u00e1s amplia que permita la legislaci\u00f3n aplicable, usted se obliga a defender, indemnizar y mantener libres de cualquier da\u00f1o a Coes Comunicaci\u00f3n, su sociedad controladora, sus funcionarios, directores, empleados y representantes de cualquier reclamaci\u00f3n, da\u00f1o, obligaci\u00f3n, p\u00e9rdida, responsabilidad, costo o deudas y gastos (incluyendo, sin limitar, honorarios de abogados) que resulten de: (i) su uso y acceso al Servicio; (ii) incumplimiento de cualquier disposici\u00f3n de estos T\u00e9rminos del Servicio; (iii) violaci\u00f3n de los derechos de terceros, incluyendo, sin limitar, derechos de autor, propiedad o derechos de privacidad; o (iv) toda reclamaci\u00f3n que argumente que su Contenido ha causado da\u00f1o a un tercero. Esta defensa y obligaci\u00f3n de indemnizaci\u00f3n sobrevivir\u00e1 estos T\u00e9rminos del Servicio y el uso del Servicio por parte suya.<\/p>\n\n\n\n<p><strong>10. Capacidad para aceptar los T\u00e9rminos del Servicio<\/strong><\/p>\n\n\n\n<p>Usted declara y reconoce que es una persona f\u00edsica mayor de 18 a\u00f1os y que es totalmente capaz y competente para obligarse bajo los presentes t\u00e9rminos, condiciones, obligaciones, disposiciones,, declaraciones y garant\u00edas de conformidad con lo establecido en los presentes T\u00e9rminos del Servicio y para sujetarse y cumplir con los mismos. En cualquier caso, usted declara que es mayor de 18 a\u00f1os, ya que el Servicio no est\u00e1 dirigido a menores de 18 a\u00f1os. Si es menor de 18 a\u00f1os, le pedimos que no utilice el Servicio.<\/p>\n\n\n\n<p><strong>11. Cesi\u00f3n<\/strong><\/p>\n\n\n\n<p>Los presentes T\u00e9rminos del Servicio y cualquier derecho o licencia otorgada de conformidad con los t\u00e9rminos del presente Contrato, no podr\u00e1n ser transmitidos o cedidos por usted, pero pueden ser cedidos por Coes Comunicaci\u00f3n sin restricci\u00f3n alguna.<\/p>\n\n\n\n<p><strong>12. Miscel\u00e1neos<\/strong><\/p>\n\n\n\n<p>Usted acuerda que: (i) El Servicio se considerar\u00e1 localizado \u00fanicamente en Costa Rica y alguna informaci\u00f3n de los Servidores en Estados Unidos de America; y (ii) El Servicio ser\u00e1 considerado como un sitio de Internet pasivo que no da lugar a jurisdicci\u00f3n personal sobre Coes Comunicaci\u00f3n, ya sea espec\u00edfica o general, en otras jurisdicciones diferentes a Costa Rica. Los T\u00e9rminos del Servicio ser\u00e1n interpretados y estar\u00e1n sujetos a las leyes de Costa Rica, sin tomar en cuenta los principios de conflictos de leyes Las partes acuerdan que tratar\u00e1n de buena fe en un per\u00edodo no mayor a 30 (treinta) d\u00edas de resolver cualquier disputa, controversia o reclamaci\u00f3n que resulte o se relacione, en todo o en parte con estos T\u00e9rminos del Servicio (en lo sucesivo la &#8220;Controversia&#8221;). Si la Controversia no se resuelve dentro del per\u00edodo de 30 (treinta) d\u00edas despu\u00e9s del surgimiento de dicha Controversia, \u00e9sta deber\u00e1 ser referida y resuelta mediante arbitraje, al cual por medio del presente las partes acuerdan y se someten. En virtud de lo anterior y con excepci\u00f3n de lo se\u00f1alado en el presente p\u00e1rrafo, las partes por este conducto renuncian expresamente a cualquier otra jurisdicci\u00f3n que les pudiere corresponder en virtud de sus domicilios presentes o futuros o por cualquier otra causa. Cualquier parte podr\u00e1, sin renunciar a cualquier defensa de conformidad con el presente Contrato, someter ante el \u00e1rbitro y\/o ante cualquier tribunal que tenga jurisdicci\u00f3n cualquier defensa, interina, provisional, precautoria o de conservaci\u00f3n de un derecho que sea necesaria para proteger los derechos o propiedad de dicha parte hasta que el laudo arbitral se emita o hasta que la Controversia se resuelva de cualquier otra forma. Cualquier decisi\u00f3n emitida por el \u00e1rbitro ser\u00e1 considerada como final y obligatoria entre las partes, y el laudo de dicho arbitraje podr\u00e1 ser sometido ante cualquier tribunal competente, incluyendo, sin limitar, cualquier tribunal que tenga jurisdicci\u00f3n sobre cualquiera de las partes o cualquiera de sus bienes. Las partes expresamente acuerdan que el \u00e1rbitro tendr\u00e1 la facultad de otorgar y ordenar medidas no econ\u00f3micas (equitable relief) o precautorias (injunctive relief) en relaci\u00f3n con los asuntos que sean presentados ante \u00e9l, en el entendido, sin embargo, que dicha compensaci\u00f3n sea consistente con las compensaciones y limitaciones establecidas en el presente Contrato. Las partes acuerdan que todos los procedimientos arbitrales conducidos de conformidad con esta secci\u00f3n, incluyendo la existencia de cualquier procedimiento arbitral, informaci\u00f3n revelada durante dicho procedimiento arbitral, y cualesquiera transacciones, negociaciones, discusiones, propuestas y laudos relacionadas con el mismo ser\u00e1n considerados como informaci\u00f3n confidencial y no deber\u00e1n ser revelados a terceras personas, con excepci\u00f3n de las requeridas por ley o de conformidad con el presente Contrato. Sin embargo, las partes podr\u00e1n revelar dicha informaci\u00f3n a un tribunal competente, siempre que sea necesario para buscar la ejecuci\u00f3n de cualquier laudo emitido por el \u00e1rbitro o para obtener una medida provisional, interino, interdicto o para la conservaci\u00f3n de un derecho de conformidad con los t\u00e9rminos del presente Contrato. Estos T\u00e9rminos del Servicio, junto con la Pol\u00edtica de Privacidad disponible en la p\u00e1gina de Internet www.coescomunicacion.com\/privacy.html , la cual se entiende expresamente aceptada por usted y se tiene aqu\u00ed por reproducida como si a la letra se insertare, y cualquier otra notificaci\u00f3n legal publicada en el Servicio, ser\u00e1n parte integrante y constituir\u00e1n el Contrato total entre usted y Coes Comunicaci\u00f3n en relaci\u00f3n con el Servicio. Si cualquiera de las disposiciones de estos T\u00e9rminos del Servicio es considerada nula o no v\u00e1lida por un tribunal competente, la nulidad o invalidez de dicha disposici\u00f3n no afectar\u00e1 la validez de las disposiciones restantes de estos T\u00e9rminos del Servicio, los que permanecer\u00e1n con plena fuerza y vigor. Ninguna renuncia a cualquiera de las disposiciones de estos T\u00e9rminos del Servicio ser\u00e1 considerada como una renuncia futura o continua a dicho t\u00e9rmino o a cualquier otro t\u00e9rmino y el no ejercicio por parte de Coes Comunicaci\u00f3n de alg\u00fan derecho o disposici\u00f3n bajo estos T\u00e9rminos del Servicio no constituir\u00e1 una renuncia a dicho derecho o disposici\u00f3n. Coes Comunicaci\u00f3n se reserva el derecho para modificar estos T\u00e9rminos del Servicio en cualquier momento y sin previo aviso, y es su responsabilidad revisar estos T\u00e9rminos del Servicio por cualquier modificaci\u00f3n. El uso del Servicio despu\u00e9s de una modificaci\u00f3n a los T\u00e9rminos del Servicio significar\u00e1 su aceptaci\u00f3n y sujeci\u00f3n expresa a dichos t\u00e9rminos, seg\u00fan los mismos hayan sido modificados. USTED Y Coes Comunicaci\u00f3n ACUERDAN QUE CUALQUIER HECHO O ACTO QUE CAUSE UNA ACCI\u00d3N LEGAL QUE SURJA O SE RELACIONE CON LOS SERVICIOS DEBER\u00c1 COMENZAR DENTRO DE 1 (UN) A\u00d1O A PARTIR DEL NACIMIENTO DE DICHA ACCI\u00d3N LEGAL. DE OTRA FORMA DICHA ACCI\u00d3N LEGAL PRESCRIBIR\u00c1 DEFINITIVAMENTE.<\/p>\n\n\n\n<p><strong>Contacto<\/strong><\/p>\n\n\n\n<p>Si tiene preguntas acerca de estos Terminos y Condiciones, por favor contactenos:<br><br><em>correo: sac@coescomunicacion.com<br>visite nuestra p\u00e1gina web: www.coescomunicacion.com<br>Numero de Tel\u00e9fono: (506) 2288-2637<\/em><\/p>\n\n\n\n<p><a href=\"mailto:info@coescomunicacion.com\">info@coescomunicacion.com<\/a><\/p>\n\n\n\n<p>Centro Corpotativo el Cedral<br>San Jos\u00e9, CR.<\/p>\n\n\n\n<p><strong>Copyrights \u00a9 Coes Comunicaci\u00f3n 2023 &#8211;\u00a0<a href=\"\/privacy\">Privacy Policy<\/a><\/strong><\/p>\n\n\n\n<p><br><\/p>\n\n\n\n<p><\/p>\n","protected":false},"excerpt":{"rendered":"<p>Fecha: Marzo 09, 2023 1. Aceptaci\u00f3n A. Al usar o ingresar al sitio de Internet de Metrix.Bi o cualquier producto, software, feed de datos y servicio de Coes Comunicaci\u00f3n desde o a trav\u00e9s del sitio de Internet (en lo sucesivo, conjuntamente el &#8220;Servicio&#8221;), usted acuerda expresamente que (1) estos t\u00e9rminos y condiciones (en lo sucesivo &hellip; <\/p>\n<p class=\"link-more\"><a href=\"https:\/\/www.coescomunicacion.com\/coes\/terms\/\" class=\"more-link\">Continue reading<span class=\"screen-reader-text\"> &#8220;T\u00e9rminos y Condiciones&#8221;<\/span><\/a><\/p>\n","protected":false},"author":1,"featured_media":162,"parent":0,"menu_order":0,"comment_status":"closed","ping_status":"closed","template":"","meta":{"_acf_changed":false,"footnotes":""},"class_list":["post-75","page","type-page","status-publish","has-post-thumbnail","hentry","entry"],"acf":[],"aioseo_notices":[],"rttpg_featured_image_url":{"full":["https:\/\/www.coescomunicacion.com\/wp-content\/uploads\/2019\/09\/blog.jpg",751,454,false],"landscape":["https:\/\/www.coescomunicacion.com\/wp-content\/uploads\/2019\/09\/blog.jpg",751,454,false],"portraits":["https:\/\/www.coescomunicacion.com\/wp-content\/uploads\/2019\/09\/blog.jpg",751,454,false],"thumbnail":["https:\/\/www.coescomunicacion.com\/wp-content\/uploads\/2019\/09\/blog-150x150.jpg",150,150,true],"medium":["https:\/\/www.coescomunicacion.com\/wp-content\/uploads\/2019\/09\/blog-300x181.jpg",300,181,true],"large":["https:\/\/www.coescomunicacion.com\/wp-content\/uploads\/2019\/09\/blog.jpg",640,387,false],"1536x1536":["https:\/\/www.coescomunicacion.com\/wp-content\/uploads\/2019\/09\/blog.jpg",751,454,false],"2048x2048":["https:\/\/www.coescomunicacion.com\/wp-content\/uploads\/2019\/09\/blog.jpg",751,454,false],"post-thumbnail":["https:\/\/www.coescomunicacion.com\/wp-content\/uploads\/2019\/09\/blog.jpg",751,454,false]},"rttpg_author":{"display_name":"coeswpadmin","author_link":"https:\/\/www.coescomunicacion.com\/coes\/author\/coeswpadmin\/"},"rttpg_comment":0,"rttpg_category":null,"rttpg_excerpt":"Fecha: Marzo 09, 2023 1. Aceptaci\u00f3n A. Al usar o ingresar al sitio de Internet de Metrix.Bi o cualquier producto, software, feed de datos y servicio de Coes Comunicaci\u00f3n desde o a trav\u00e9s del sitio de Internet (en lo sucesivo, conjuntamente el &#8220;Servicio&#8221;), usted acuerda expresamente que (1) estos t\u00e9rminos y condiciones (en lo sucesivo&hellip;","_links":{"self":[{"href":"https:\/\/www.coescomunicacion.com\/coes\/wp-json\/wp\/v2\/pages\/75","targetHints":{"allow":["GET"]}}],"collection":[{"href":"https:\/\/www.coescomunicacion.com\/coes\/wp-json\/wp\/v2\/pages"}],"about":[{"href":"https:\/\/www.coescomunicacion.com\/coes\/wp-json\/wp\/v2\/types\/page"}],"author":[{"embeddable":true,"href":"https:\/\/www.coescomunicacion.com\/coes\/wp-json\/wp\/v2\/users\/1"}],"replies":[{"embeddable":true,"href":"https:\/\/www.coescomunicacion.com\/coes\/wp-json\/wp\/v2\/comments?post=75"}],"version-history":[{"count":7,"href":"https:\/\/www.coescomunicacion.com\/coes\/wp-json\/wp\/v2\/pages\/75\/revisions"}],"predecessor-version":[{"id":754,"href":"https:\/\/www.coescomunicacion.com\/coes\/wp-json\/wp\/v2\/pages\/75\/revisions\/754"}],"wp:featuredmedia":[{"embeddable":true,"href":"https:\/\/www.coescomunicacion.com\/coes\/wp-json\/wp\/v2\/media\/162"}],"wp:attachment":[{"href":"https:\/\/www.coescomunicacion.com\/coes\/wp-json\/wp\/v2\/media?parent=75"}],"curies":[{"name":"wp","href":"https:\/\/api.w.org\/{rel}","templated":true}]}}