{"id":12,"date":"2019-08-26T13:38:28","date_gmt":"2019-08-26T13:38:28","guid":{"rendered":"http:\/\/localhost\/wordpress\/?page_id=12"},"modified":"2026-03-06T17:17:22","modified_gmt":"2026-03-06T23:17:22","slug":"cotizacion","status":"publish","type":"page","link":"https:\/\/www.coescomunicacion.com\/coes\/cotizacion\/","title":{"rendered":"Form-Quotation"},"content":{"rendered":"<div class='fluentform ff-default fluentform_wrapper_6 ffs_default_wrap'><form data-form_id=\"6\" id=\"fluentform_6\" class=\"frm-fluent-form fluent_form_6 ff-el-form-left ff_form_instance_6_1 ff-form-loading ffs_default\" data-form_instance=\"ff_form_instance_6_1\" method=\"POST\" ><fieldset  style=\"border: none!important;margin: 0!important;padding: 0!important;background-color: transparent!important;box-shadow: none!important;outline: none!important; min-inline-size: 100%;\">\n                    <legend class=\"ff_screen_reader_title\" style=\"display: block; margin: 0!important;padding: 0!important;height: 0!important;text-indent: -999999px;width: 0!important;overflow:hidden;\">Solicitar Servicios<\/legend><input type='hidden' name='__fluent_form_embded_post_id' value='12' \/><input type=\"hidden\" id=\"_fluentform_6_fluentformnonce\" name=\"_fluentform_6_fluentformnonce\" value=\"11cf4892cb\" \/><input type=\"hidden\" name=\"_wp_http_referer\" value=\"\/coes\/wp-json\/wp\/v2\/pages\/12\" \/><div class='ff-el-group  ff-custom_html' tabindex='-1' data-name=\"custom_html-6_1\" ><h2 style=\"color: #4fd9f5;text-align: center\">Solicitud de Servicios<\/h2><\/div><div class='ff-el-group'><div class=\"ff-el-input--label ff-el-is-required asterisk-right\"><label for='ff_6_full' id='label_ff_6_full' aria-label=\"Nombre Completo\">Nombre Completo<\/label><\/div><div class='ff-el-input--content'><input type=\"text\" name=\"full\" class=\"ff-el-form-control\" data-name=\"full\" id=\"ff_6_full\"  aria-invalid=\"false\" aria-required=true><\/div><\/div><div class='ff-el-group'><div class=\"ff-el-input--label ff-el-is-required asterisk-right\"><label for='ff_6_email' id='label_ff_6_email' aria-label=\"Correo\">Correo<\/label><\/div><div class='ff-el-input--content'><input type=\"email\" name=\"email\" id=\"ff_6_email\" class=\"ff-el-form-control\" placeholder=\"usuario@miempresa.com\" data-name=\"email\"  aria-invalid=\"false\" aria-required=true><\/div><\/div><div class='ff-el-group'><div class=\"ff-el-input--label ff-el-is-required asterisk-right\"><label for='ff_6_company' id='label_ff_6_company' aria-label=\"Empresa\">Empresa<\/label><\/div><div class='ff-el-input--content'><input type=\"text\" name=\"company\" class=\"ff-el-form-control\" data-name=\"company\" id=\"ff_6_company\"  aria-invalid=\"false\" aria-required=true><\/div><\/div><div class='ff-el-group'><div class=\"ff-el-input--label ff-el-is-required asterisk-right\"><label for='ff_6_phone' id='label_ff_6_phone' aria-label=\"Tel\u00e9fono\">Tel\u00e9fono<\/label><\/div><div class='ff-el-input--content'><input type=\"number\" name=\"phone\" id=\"ff_6_phone\" class=\"ff-el-form-control\" placeholder=\"Ej: +(506) 22334455\" data-name=\"phone\" inputmode=\"numeric\" step=\"any\"  aria-invalid=\"false\" aria-required=true><\/div><\/div><div class='ff-el-group'><div class=\"ff-el-input--label ff-el-is-required asterisk-right\"><label for='ff_6_message' id='label_ff_6_message' aria-label=\"Mensaje\">Mensaje<\/label><\/div><div class='ff-el-input--content'><textarea aria-required=\"true\" aria-labelledby=\"label_ff_6_message\" name=\"message\" id=\"ff_6_message\" class=\"ff-el-form-control\" rows=\"4\" cols=\"2\" data-name=\"message\" ><\/textarea><\/div><\/div><div class='ff-el-group    ff-el-input--content'><div class='ff-el-form-check ff-el-tc'><label aria-label='Terms and Conditions: He le\u00eddo y estoy de acuerdo con T\u00e9rminos y Condiciones, Pol\u00edticas de Privacidad\ny\nen el env\u00edo de correos a la cuenta proporcionada. Contains 2 links. Use tab navigation to review.' class='ff-el-form-check-label ff_tc_label' for=terms-n-condition_49fd3875bbee37643cd078917bc04503><span class='ff_tc_checkbox'><input type=\"checkbox\" name=\"terms-n-condition\" class=\"ff-el-form-check-input\" data-name=\"terms-n-condition\" id=\"terms-n-condition_49fd3875bbee37643cd078917bc04503\"  value='on' aria-invalid='false' aria-required=true><\/span> <div class='ff_t_c'><p style=\"text-align: center\">He le\u00eddo y estoy de acuerdo con <a href=\"https:\/\/www.coescomunicacion.com\/coes\/terms\/\" target=\"_blank\" rel=\"noopener\">T\u00e9rminos y Condiciones<\/a>, <a href=\"https:\/\/www.coescomunicacion.com\/coes\/privacy\/\" target=\"_blank\" rel=\"noopener\">Pol\u00edticas de Privacidad<\/a><\/p>\n<p style=\"text-align: center\">y<\/p>\n<p style=\"text-align: center\">en el env\u00edo de correos a la cuenta proporcionada.<\/p><\/div><\/label><\/div><\/div><div class='ff-el-group ff-text-center ff_submit_btn_wrapper'><button type=\"submit\" class=\"ff-btn ff-btn-submit ff-btn-md ff_btn_style wpf_has_custom_css\"  aria-label=\"Enviar\">Enviar<\/button><\/div><\/fieldset><\/form><div id='fluentform_6_errors' class='ff-errors-in-stack ff_form_instance_6_1 ff-form-loading_errors ff_form_instance_6_1_errors'><\/div><\/div>            <script type=\"text\/javascript\">\n                window.fluent_form_ff_form_instance_6_1 = {\"id\":\"6\",\"ajaxUrl\":\"https:\\\/\\\/www.coescomunicacion.com\\\/wp-admin\\\/admin-ajax.php\",\"settings\":{\"layout\":{\"labelPlacement\":\"left\",\"helpMessagePlacement\":\"with_label\",\"errorMessagePlacement\":\"inline\",\"asteriskPlacement\":\"asterisk-right\"},\"id\":\"1\",\"restrictions\":{\"denyEmptySubmission\":{\"enabled\":false}}},\"form_instance\":\"ff_form_instance_6_1\",\"form_id_selector\":\"fluentform_6\",\"rules\":{\"full\":{\"required\":{\"value\":true,\"message\":\"This field is required\",\"global_message\":\"This field is required\",\"global\":true}},\"email\":{\"required\":{\"value\":true,\"message\":\"This field is required\",\"global_message\":\"This field is required\",\"global\":true},\"email\":{\"value\":true,\"message\":\"This field must contain a valid email\",\"global_message\":\"This field must contain a valid email\",\"global\":true}},\"company\":{\"required\":{\"value\":true,\"message\":\"This field is required\",\"global\":true,\"global_message\":\"This field is required\"}},\"phone\":{\"required\":{\"value\":true,\"message\":\"This field is required\",\"global_message\":\"This field is required\",\"global\":true},\"numeric\":{\"value\":true,\"message\":\"This field must contain numeric value\",\"global_message\":\"This field must contain numeric value\",\"global\":true},\"min\":{\"value\":\"\",\"message\":\"Validation fails for minimum value\",\"global_message\":\"Validation fails for minimum value\",\"global\":true},\"max\":{\"value\":\"\",\"message\":\"Validation fails for maximum value\",\"global_message\":\"Validation fails for maximum value\",\"global\":true},\"digits\":{\"value\":\"\",\"message\":\"Validation fails for limited digits\",\"global_message\":\"Validation fails for limited digits\",\"global\":true}},\"message\":{\"required\":{\"value\":true,\"message\":\"This field is required\",\"global\":true,\"global_message\":\"This field is required\"}},\"terms-n-condition\":{\"required\":{\"value\":true,\"message\":\"This field is required\",\"global\":true,\"global_message\":\"This field is required\"}}},\"debounce_time\":300};\n                            <\/script>\n            \n\n\n\n<p><\/p>\n","protected":false},"excerpt":{"rendered":"","protected":false},"author":1,"featured_media":162,"parent":0,"menu_order":0,"comment_status":"closed","ping_status":"closed","template":"forms\/coes-form.php","meta":{"_acf_changed":false,"footnotes":""},"class_list":["post-12","page","type-page","status-publish","has-post-thumbnail","hentry","entry"],"acf":[],"aioseo_notices":[],"rttpg_featured_image_url":{"full":["https:\/\/www.coescomunicacion.com\/wp-content\/uploads\/2019\/09\/blog.jpg",751,454,false],"landscape":["https:\/\/www.coescomunicacion.com\/wp-content\/uploads\/2019\/09\/blog.jpg",751,454,false],"portraits":["https:\/\/www.coescomunicacion.com\/wp-content\/uploads\/2019\/09\/blog.jpg",751,454,false],"thumbnail":["https:\/\/www.coescomunicacion.com\/wp-content\/uploads\/2019\/09\/blog-150x150.jpg",150,150,true],"medium":["https:\/\/www.coescomunicacion.com\/wp-content\/uploads\/2019\/09\/blog-300x181.jpg",300,181,true],"large":["https:\/\/www.coescomunicacion.com\/wp-content\/uploads\/2019\/09\/blog.jpg",640,387,false],"1536x1536":["https:\/\/www.coescomunicacion.com\/wp-content\/uploads\/2019\/09\/blog.jpg",751,454,false],"2048x2048":["https:\/\/www.coescomunicacion.com\/wp-content\/uploads\/2019\/09\/blog.jpg",751,454,false],"post-thumbnail":["https:\/\/www.coescomunicacion.com\/wp-content\/uploads\/2019\/09\/blog.jpg",751,454,false]},"rttpg_author":{"display_name":"coeswpadmin","author_link":"https:\/\/www.coescomunicacion.com\/coes\/author\/coeswpadmin\/"},"rttpg_comment":0,"rttpg_category":null,"rttpg_excerpt":null,"_links":{"self":[{"href":"https:\/\/www.coescomunicacion.com\/coes\/wp-json\/wp\/v2\/pages\/12","targetHints":{"allow":["GET"]}}],"collection":[{"href":"https:\/\/www.coescomunicacion.com\/coes\/wp-json\/wp\/v2\/pages"}],"about":[{"href":"https:\/\/www.coescomunicacion.com\/coes\/wp-json\/wp\/v2\/types\/page"}],"author":[{"embeddable":true,"href":"https:\/\/www.coescomunicacion.com\/coes\/wp-json\/wp\/v2\/users\/1"}],"replies":[{"embeddable":true,"href":"https:\/\/www.coescomunicacion.com\/coes\/wp-json\/wp\/v2\/comments?post=12"}],"version-history":[{"count":21,"href":"https:\/\/www.coescomunicacion.com\/coes\/wp-json\/wp\/v2\/pages\/12\/revisions"}],"predecessor-version":[{"id":1054,"href":"https:\/\/www.coescomunicacion.com\/coes\/wp-json\/wp\/v2\/pages\/12\/revisions\/1054"}],"wp:featuredmedia":[{"embeddable":true,"href":"https:\/\/www.coescomunicacion.com\/coes\/wp-json\/wp\/v2\/media\/162"}],"wp:attachment":[{"href":"https:\/\/www.coescomunicacion.com\/coes\/wp-json\/wp\/v2\/media?parent=12"}],"curies":[{"name":"wp","href":"https:\/\/api.w.org\/{rel}","templated":true}]}}